{"id":1160,"date":"2017-03-16T01:55:09","date_gmt":"2017-03-16T01:55:09","guid":{"rendered":"http:\/\/smartdata.tonytemplates.com\/computer-repair\/?page_id=2"},"modified":"2020-01-23T16:00:46","modified_gmt":"2020-01-23T15:00:46","slug":"o-nas","status":"publish","type":"page","link":"https:\/\/www.helpnet24.pl\/nowa\/o-nas\/","title":{"rendered":"O nas"},"content":{"rendered":"<p>[vc_row][vc_column][vc_column_text]<\/p>\n<h1 class=\"text-center\">O <span class=\"color\">nas<\/span><\/h1>\n<p class=\"info text-center\">Tw\u00f3j lokalny serwis komputerowy<\/p>\n<p>[\/vc_column_text][\/vc_column][\/vc_row][vc_row][vc_column][vc_column_text]Helpnet24 gwarantuje najlepsz\u0105 obs\u0142ug\u0119 klienta, serwis sprz\u0119tu komputerowego oraz obs\u0142ug\u0119 informatyczn\u0105 firm. Gdy Tw\u00f3j laptop lub komputer stacjonarny wymaga naprawy, nie musisz si\u0119 d\u0142ugo martwi\u0107! Nasi technicy potrafi\u0105 radzi\u0107 sobie z ka\u017cdym sprz\u0119tem komputerowym niezale\u017cnie od tego, czy potrzebujesz naprawy w domu, czy w firmie.[\/vc_column_text][\/vc_column][\/vc_row][vc_row el_class=&#8221;home-about-list&#8221;][vc_column width=&#8221;1\/12&#8243;][\/vc_column][vc_column width=&#8221;5\/12&#8243;][vc_column_text css_animation=&#8221;none&#8221;]<\/p>\n<ul class=\"marker-list-sm animation animated fadeInLeft\" style=\"animation-delay: 0s;\" data-animation=\"fadeInLeft\" data-animation-delay=\"0s\">\n<li>Naprawa komputer\u00f3w stacjonarnych<\/li>\n<li>Naprawa laptop\u00f3w<\/li>\n<li>Odzyskiwanie danych<\/li>\n<li>Usuwanie wirus\u00f3w i z\u0142o\u015bliwego oprogramowania<\/li>\n<li>Wymiana uszkodzonych wy\u015bwietlaczy w laptopach<\/li>\n<\/ul>\n<p>[\/vc_column_text][\/vc_column][vc_column width=&#8221;1\/12&#8243;][\/vc_column][vc_column width=&#8221;5\/12&#8243;][vc_column_text css_animation=&#8221;none&#8221;]<\/p>\n<ul class=\"marker-list-sm animation animated fadeInRight\" style=\"animation-delay: 0s;\" data-animation=\"fadeInRight\" data-animation-delay=\"0s\">\n<li>Problemy z \u0142adowaniem i bateriami laptop\u00f3w<\/li>\n<li>Konfiguracja komputer\u00f3w, naprawa sprz\u0119tu komputerowego i instalacja<\/li>\n<li>Instalacja drukarek i rozwi\u0105zywanie problem\u00f3w<\/li>\n<li>Us\u0142ugi informatyczne dla firm<\/li>\n<li>Sprzeda\u017c sprz\u0119tu poleasingowego<\/li>\n<\/ul>\n<p>[\/vc_column_text][\/vc_column][\/vc_row][vc_row css=&#8221;.vc_custom_1494303216291{margin-top: 50px !important;margin-bottom: 80px !important;}&#8221;][vc_column][vc_column_text]<\/p>\n<h3 class=\"text-center\">Nasze Zalety<\/h3>\n<p>[\/vc_column_text]        <div class=\"col-sm-6 col-md-3\">\r\n            <div class=\"row-icon\">\r\n                <div class=\"row-icon-icon\"><i class=\"icon-placeholder-for-map\"><\/i><\/div>\r\n                <div class=\"row-icon-text\">\r\n                    Dojazd do Klienta                <\/div>\r\n            <\/div>\r\n        <\/div>\r\n                <div class=\"col-sm-6 col-md-3\">\r\n            <div class=\"row-icon\">\r\n                <div class=\"row-icon-icon\"><i class=\"icon-repair\"><\/i><\/div>\r\n                <div class=\"row-icon-text\">\r\n                    Pomoc zdalna online                <\/div>\r\n            <\/div>\r\n        <\/div>\r\n                <div class=\"col-sm-6 col-md-3\">\r\n            <div class=\"row-icon\">\r\n                <div class=\"row-icon-icon\"><i class=\"icon-prize-badge-with-star-and-ribbon\"><\/i><\/div>\r\n                <div class=\"row-icon-text\">\r\n                    Kontrola jako\u015bci podzespo\u0142\u00f3w                <\/div>\r\n            <\/div>\r\n        <\/div>\r\n                <div class=\"col-sm-6 col-md-3\">\r\n            <div class=\"row-icon\">\r\n                <div class=\"row-icon-icon\"><i class=\"icon-calendar\"><\/i><\/div>\r\n                <div class=\"row-icon-text\">\r\n                    Terminowa realizacja                <\/div>\r\n            <\/div>\r\n        <\/div>\r\n        [\/vc_column][\/vc_row][vc_row full_width=&#8221;stretch_row_content_no_spaces&#8221;][vc_column]<div class=\"block bg-lighter full-block bottom-null\"><div class=\"container\"><div class=\"hexagon-box-wrapper\"><div class=\"hexagon-box\">                    <div class=\"hexagon-icon\"><i class=\"icon-computer-with-monitor\"><\/i>\r\n                <div class=\"h-box\">\r\n                    <div class=\"h-box-title\">Naprawa komputer\u00f3w<\/div>\r\n                    <div class=\"h-box-text\">Masz problem z komputerem? Rozwi\u0105\u017cemy go. To w\u0142a\u015bnie do nas mo\u017cesz zadzwoni\u0107 kiedy Tw\u00f3j komputer spowolni a programy przestan\u0105 si\u0119 uruchamia\u0107. <\/div>\r\n                <\/div>\r\n            <\/div>\r\n                                    <div class=\"hexagon-icon\"><i class=\"icon-computer-with-monitor\"><\/i>\r\n                <div class=\"h-box\">\r\n                    <div class=\"h-box-title\">Wsparcie informatyczne dla firm<\/div>\r\n                    <div class=\"h-box-text\">Sta\u0142y nadz\u00f3r i rozw\u00f3j infrastruktury informatycznej firm. <\/div>\r\n                <\/div>\r\n            <\/div>\r\n                                    <div class=\"hexagon-icon\"><i class=\"icon-updated-security-for-protection-on-internet\"><\/i>\r\n                <div class=\"h-box\">\r\n                    <div class=\"h-box-title\">Backup i odzyskiwanie danych<\/div>\r\n                    <div class=\"h-box-text\">Pomagamy zabezpiecza\u0107 dane osobiste (zdj\u0119cia, filmy, dokumenty) oraz wra\u017cliwe dane firm i instytucji. <\/div>\r\n                <\/div>\r\n            <\/div>\r\n            <div class=\"hexagon-icon visible-xs\">\r\n                <img src=\"https:\/\/www.helpnet24.pl\/nowa\/wp-content\/uploads\/2017\/03\/h-bg.png\" alt=\"\">\r\n            <\/div>\r\n                                    <div class=\"hexagon-icon\"><i class=\"icon-data-network\"><\/i>\r\n                <div class=\"h-box\">\r\n                    <div class=\"h-box-title\">Sie\u0107 i serwery<\/div>\r\n                    <div class=\"h-box-text\">Nasi technicy skonfiguruj\u0105 bezpieczn\u0105 bezprzewodow\u0105 sie\u0107 komputerow\u0105 w domu prywatnym a tak\u017ce w firmach i instytucjach. <\/div>\r\n                <\/div>\r\n            <\/div>\r\n                                    <div class=\"hexagon-icon\"><i class=\"icon-viruses\"><\/i>\r\n                <div class=\"h-box\">\r\n                    <div class=\"h-box-title\">Usuwanie wirus\u00f3w i z\u0142o\u015bliwego oprogramowania<\/div>\r\n                    <div class=\"h-box-text\">Dzi\u0119ki wieloletniemu do\u015bwiadczeniu mo\u017cemy usun\u0105\u0107 infekcj\u0119 bez uszkodzenia danych. <\/div>\r\n                <\/div>\r\n            <\/div>\r\n                                    <div class=\"hexagon-icon\"><i class=\"icon-notebook-and-mouse-cursor\"><\/i>\r\n                <div class=\"h-box\">\r\n                    <div class=\"h-box-title\">Naprawa laptop\u00f3w<\/div>\r\n                    <div class=\"h-box-text\">Laptop spad\u0142? Nie martw si\u0119! Nasi wykwalifikowani, przyja\u017ani technicy przywr\u00f3c\u0105 go do \u017cycia. <\/div>\r\n                <\/div>\r\n            <\/div>\r\n                <\/div><\/div><\/div><\/div> <style =\"text\/css\">.hexagon-box-wrapper {background: url(https:\/\/www.helpnet24.pl\/nowa\/wp-content\/uploads\/2017\/03\/h-bg.png) no-repeat center center;} <\/style>[\/vc_column][\/vc_row][vc_row full_width=&#8221;stretch_row&#8221; css=&#8221;.vc_custom_1517389696709{background-image: url(http:\/\/www.helpnet24.pl\/nowa\/wp-content\/uploads\/2017\/03\/block-bg-1.jpg?id=24) !important;}&#8221; el_class=&#8221;round-services-txt fixed-bg-parallex block bottom-sm-1&#8243; el_id=&#8221;counterBlock&#8221;][vc_column el_class=&#8221;block bg-1 network-effect&#8221;][vc_raw_html]JTNDY2FudmFzJTIwaWQlM0QlMjJuZXR3b3JrJTIyJTIwd2lkdGglM0QlMjIxOTIwJTIyJTIwaGVpZ2h0JTNEJTIyNjUwJTIyJTNFJTNDJTJGY2FudmFzJTNF[\/vc_raw_html][vc_column_text]<\/p>\n<h2 class=\"h-lg text-center\">Serwis\u00a0<span class=\"color\"> sprz\u0119tu komputerowego<\/span><\/h2>\n<p class=\"info text-center\">Rozwi\u0105\u017cemy ka\u017cdy roblem ze sprz\u0119tem komputerowym i oprogramowaniem<\/p>\n<p>[\/vc_column_text]<div class=\"row text-icon-carousel \">     \r\n       <div class=\"col-md-3 col-sm-6 col-xs-12\">\r\n    <div class=\"text-icon animation\" data-animation=\"scaleOut\" data-animation-delay=\"0.5s\">\r\n        <div class=\"icon-wrapper\"><span><i class=\"icon  icon-diag\"><\/i><span class=\"icon-hover\"><\/span><\/span>\r\n        <\/div>\r\n\r\n                <h3 class=\"number\"><span  data-to=\"5000\" data-speed=\"1000\">5000<\/span> +<\/h3>\r\n                <h4 class=\"title\"><\/h4>\r\n        <p class=\"text\">Prawid\u0142owo naprawionych komputer\u00f3w stacjonarnych i laptop\u00f3w<\/p>\r\n    <\/div> \r\n    <\/div>  \r\n             \r\n       <div class=\"col-md-3 col-sm-6 col-xs-12\">\r\n    <div class=\"text-icon animation\" data-animation=\"scaleOut\" data-animation-delay=\"0s\">\r\n        <div class=\"icon-wrapper\"><span><i class=\"icon  icon-hard-disk\"><\/i><span class=\"icon-hover\"><\/span><\/span>\r\n        <\/div>\r\n\r\n                <h3 class=\"number\"><span  data-to=\"8\" data-speed=\"1000\">8<\/span> Godzin<\/h3>\r\n                <h4 class=\"title\"><\/h4>\r\n        <p class=\"text\">\u015aredni czas naprawy od zg\u0142oszenia serwisowego<\/p>\r\n    <\/div> \r\n    <\/div>  \r\n             \r\n       <div class=\"col-md-3 col-sm-6 col-xs-12\">\r\n    <div class=\"text-icon animation\" data-animation=\"scaleOut\" data-animation-delay=\"0s\">\r\n        <div class=\"icon-wrapper\"><span><i class=\"icon  icon-repair\"><\/i><span class=\"icon-hover\"><\/span><\/span>\r\n        <\/div>\r\n\r\n                <h3 class=\"number\"><span  data-to=\"8\" data-speed=\"1000\">8<\/span> lat<\/h3>\r\n                <h4 class=\"title\"><\/h4>\r\n        <p class=\"text\">Do\u015bwiadczenie w obs\u0142udze IT firm oraz serwisie komputerowym<\/p>\r\n    <\/div> \r\n    <\/div>  \r\n             \r\n       <div class=\"col-md-3 col-sm-6 col-xs-12\">\r\n    <div class=\"text-icon animation\" data-animation=\"scaleOut\" data-animation-delay=\"0.5s\">\r\n        <div class=\"icon-wrapper\"><span><i class=\"icon  icon-music-social-group\"><\/i><span class=\"icon-hover\"><\/span><\/span>\r\n        <\/div>\r\n\r\n                <h3 class=\"number\"><span  data-to=\"10000\" data-speed=\"1000\">10000<\/span> +<\/h3>\r\n                <h4 class=\"title\"><\/h4>\r\n        <p class=\"text\">Rozwi\u0105zanych problem\u00f3w i usterek u\u017cytkownik\u00f3w<\/p>\r\n    <\/div> \r\n    <\/div>  \r\n        <\/div>[\/vc_column][\/vc_row][vc_row css=&#8221;.vc_custom_1517306350322{border-bottom-width: 1px !important;border-bottom-color: #e8e8e8 !important;border-bottom-style: solid !important;}&#8221;][vc_column css=&#8221;.vc_custom_1517306518646{padding-top: 0px !important;}&#8221;][vc_column_text]<\/p>\n<h2 class=\"h-lg text-center\">Poznaj <span class=\"color\">nasz Zesp\u00f3\u0142<\/span><\/h2>\n<p class=\"info text-center\">Jeste\u015bmy ekspertami w zakresie obs\u0142ugi informatycznej firm i serwisu komputerowego<\/p>\n<p>[\/vc_column_text]<div class=\"row person-carousel\">                 <div class=\"col-md-4 col-sm-4 col-xs-12 \" >\r\n                        <div class=\"person animation\"  data-animation=\"fadeInUp\"  data-animation-delay=\"0.5s\">\r\n                            <div class=\"image\">                                <div class=\"hover\"><\/div>\r\n                            <\/div>\r\n                            <h4 class=\"name\">Specjalista 1<\/h4>\r\n                            <h6 class=\"position\">Specjalno\u015b\u0107<\/h6>\r\n                                                        <div class=\"link\">\r\n                                <a class=\"icon icon-facebook\" href=\"\"><\/a>\r\n                                <a class=\"icon icon-twitter\" href=\"\"><\/a>\r\n                                <a class=\"icon icon-google-plus\" href=\"\"><\/a>\r\n                            <\/div>\r\n                        <\/div>\r\n                    <\/div>\r\n                             <div class=\"col-md-4 col-sm-4 col-xs-12 \" >\r\n                        <div class=\"person animation\"  data-animation=\"fadeInUp\"  data-animation-delay=\"0s\">\r\n                            <div class=\"image\">                                <div class=\"hover\"><\/div>\r\n                            <\/div>\r\n                            <h4 class=\"name\">Specjalista 2<\/h4>\r\n                            <h6 class=\"position\">Specjalno\u015b\u0107<\/h6>\r\n                                                        <div class=\"link\">\r\n                                <a class=\"icon icon-facebook\" href=\"\"><\/a>\r\n                                <a class=\"icon icon-twitter\" href=\"\"><\/a>\r\n                                <a class=\"icon icon-google-plus\" href=\"\"><\/a>\r\n                            <\/div>\r\n                        <\/div>\r\n                    <\/div>\r\n                             <div class=\"col-md-4 col-sm-4 col-xs-12 \" >\r\n                        <div class=\"person animation\"  data-animation=\"fadeInUp\"  data-animation-delay=\"0s\">\r\n                            <div class=\"image\">                                <div class=\"hover\"><\/div>\r\n                            <\/div>\r\n                            <h4 class=\"name\">Specjalista 3<\/h4>\r\n                            <h6 class=\"position\">Specjalno\u015b\u0107<\/h6>\r\n                                                        <div class=\"link\">\r\n                                <a class=\"icon icon-facebook\" href=\"\"><\/a>\r\n                                <a class=\"icon icon-twitter\" href=\"\"><\/a>\r\n                                <a class=\"icon icon-google-plus\" href=\"\"><\/a>\r\n                            <\/div>\r\n                        <\/div>\r\n                    <\/div>\r\n                             <div class=\"col-md-4 col-sm-4 col-xs-12 \" >\r\n                        <div class=\"person animation\"  data-animation=\"fadeInUp\"  data-animation-delay=\"0.5s\">\r\n                            <div class=\"image\">                                <div class=\"hover\"><\/div>\r\n                            <\/div>\r\n                            <h4 class=\"name\">Specjalista 4<\/h4>\r\n                            <h6 class=\"position\">Specjalno\u015b\u0107<\/h6>\r\n                                                        <div class=\"link\">\r\n                                <a class=\"icon icon-facebook\" href=\"\"><\/a>\r\n                                <a class=\"icon icon-twitter\" href=\"\"><\/a>\r\n                                <a class=\"icon icon-google-plus\" href=\"\"><\/a>\r\n                            <\/div>\r\n                        <\/div>\r\n                    <\/div>\r\n            <\/div>[vc_empty_space height=&#8221;90px&#8221;][\/vc_column][\/vc_row][vc_row el_class=&#8221;home-ab-txt&#8221;][vc_column css_animation=&#8221;slideInLeft&#8221; width=&#8221;1\/2&#8243;][vc_column_text css_animation=&#8221;none&#8221;]<\/p>\n<h2>Nie ma naprawy \u2013 nie ma p\u0142atno\u015bci &#8211; <span class=\"color\">Gwarantowane!<\/span><\/h2>\n<p class=\"info\">Je\u017celi nie potrafimy naprawi\u0107 Twojego sprz\u0119tu, nic nie musisz p\u0142aci\u0107<\/p>\n<p>[\/vc_column_text][vc_row_inner][vc_column_inner width=&#8221;4\/12&#8243;][vc_single_image image=&#8221;22&#8243; img_size=&#8221;full&#8221;][\/vc_column_inner][vc_column_inner width=&#8221;8\/12&#8243;][vc_column_text css=&#8221;.vc_custom_1534226227924{margin-bottom: 0px !important;}&#8221;]Niezale\u017cnie od tego, czy Tw\u00f3j komputer dzia\u0142a bardzo wolno, czy te\u017c wcale si\u0119 nie w\u0142\u0105cza, po prostu przynie\u015b go do nas ju\u017c dzi\u015b, aby sprawdzi\u0107 jego faktyczny stan. Technicy z Helpnet24 maj\u0105 do\u015bwiadczenie w rozwi\u0105zywaniu wszelkiego rodzaju problem\u00f3w informatycznych, w tym problem\u00f3w z systemem operacyjnym, zalaniami sprz\u0119tu, wymian\u0105 podzespo\u0142\u00f3w, problem\u00f3w z oprogramowaniem i innych.[\/vc_column_text][\/vc_column_inner][\/vc_row_inner][\/vc_column][vc_column css_animation=&#8221;slideInRight&#8221; width=&#8221;1\/2&#8243;][vc_column_text css_animation=&#8221;slideInRight&#8221;]<\/p>\n<h2>Uczciwo\u015b\u0107 i <span class=\"color\">Przejrzysto\u015b\u0107<\/span><\/h2>\n<p class=\"info\">Obiecujemy wykonanie niezb\u0119dnej us\u0142ugi i jej doskona\u0142\u0105 realizacj\u0119.<\/p>\n<p>[\/vc_column_text][vc_row_inner][vc_column_inner width=&#8221;4\/12&#8243;][vc_single_image image=&#8221;23&#8243; img_size=&#8221;full&#8221;][\/vc_column_inner][vc_column_inner width=&#8221;8\/12&#8243;][vc_column_text css=&#8221;.vc_custom_1534226684543{margin-bottom: 0px !important;}&#8221;]Ka\u017cdemu klientowi gwarantujemy uczciwe zasady wsp\u00f3\u0142pracy. Zadowolenie klienta i zaufanie to filary, na kt\u00f3rych opiera si\u0119 nasza dzia\u0142alno\u015b\u0107 zbudowana na uczciwo\u015bci. Dzi\u0119ki temu otwarcie przedstawiamy klientowi wszelkie mo\u017cliwo\u015bci rozwi\u0105zania zaistnia\u0142ych problem\u00f3w aby ten m\u00f3g\u0142 podj\u0105\u0107\u00a0\u015bwiadom\u0105 decyzj\u0119. [\/vc_column_text][\/vc_column_inner][\/vc_row_inner][\/vc_column][\/vc_row][vc_row full_width=&#8221;stretch_row_content&#8221; css=&#8221;.vc_custom_1517464724851{margin-bottom: -92px !important;background-color: #f4f4f6 !important;}&#8221; el_class=&#8221;about-popup-btn block bg-light full-block&#8221;][vc_column css=&#8221;.vc_custom_1517305733436{padding-top: 0px !important;}&#8221;][vc_column_text css=&#8221;.vc_custom_1534226797036{margin-bottom: 0px !important;}&#8221;]<\/p>\n<h2 class=\"h-lg\" style=\"text-align: center;\">Naprawimy <span class=\"color\">Tw\u00f3j komputer<\/span> ju\u017c TERAZ!<\/h2>\n<h3 class=\"subtitle\" style=\"text-align: center;\">+48 32 6000 100<\/h3>\n<p class=\"info\" style=\"text-align: center;\">aby pracownik naszego dzia\u0142u wsparcia technicznego pom\u00f3g\u0142 rozwi\u0105za\u0107 problem z Twoim komputerem, sieci\u0105 lub laptopem<\/p>\n<p>[\/vc_column_text]    <div class=\"btn-inline text-center\">\r\n       \r\n\r\n        <div class=\"form-popup-wrap\">\r\n            <a class=\"btn form-popup-link \" href=\"#\"><span>Darmowa wycena<\/span><\/a>\r\n            <div class=\"form-popup\">\r\n                <div class=\"form-popup-close\">\r\n                   <i class=\"icon-cancel\"><\/i>\r\n                <\/div>\r\n                <div class=\"quote-form\">\r\n                    <form  method=\"post\" novalidate=\"novalidate\">\r\n                        <div role=\"form\" class=\"wpcf7\" id=\"wpcf7-f452-o1\" lang=\"en-US\" dir=\"ltr\">\n<div class=\"screen-reader-response\"><p role=\"status\" aria-live=\"polite\" aria-atomic=\"true\"><\/p> <ul><\/ul><\/div>\n<form action=\"\/nowa\/wp-json\/wp\/v2\/pages\/1160#wpcf7-f452-o1\" method=\"post\" class=\"wpcf7-form init\" novalidate=\"novalidate\" data-status=\"init\">\n<div style=\"display: none;\">\n<input type=\"hidden\" name=\"_wpcf7\" value=\"452\" \/>\n<input type=\"hidden\" name=\"_wpcf7_version\" value=\"5.5.4\" \/>\n<input type=\"hidden\" name=\"_wpcf7_locale\" value=\"en_US\" \/>\n<input type=\"hidden\" name=\"_wpcf7_unit_tag\" value=\"wpcf7-f452-o1\" \/>\n<input type=\"hidden\" name=\"_wpcf7_container_post\" value=\"0\" \/>\n<input type=\"hidden\" name=\"_wpcf7_posted_data_hash\" value=\"\" \/>\n<\/div>\n<div class=\"contact-form\">\n<div class=\"inputs-col\">\n<div class=\"row\">\n<div class=\"col-md-6\">\n<div class=\"input-wrapper\">\n                    <span class=\"wpcf7-form-control-wrap your-name\"><input type=\"text\" name=\"your-name\" value=\"\" size=\"40\" class=\"wpcf7-form-control wpcf7-text wpcf7-validates-as-required input-custom input-full\" aria-required=\"true\" aria-invalid=\"false\" placeholder=\"Imi\u0119\" \/><\/span>\n                <\/div>\n<\/div>\n<div class=\"col-md-6\">\n<div class=\"input-wrapper\">\n                    <span class=\"wpcf7-form-control-wrap your-phone\"><input type=\"text\" name=\"your-phone\" value=\"\" size=\"40\" class=\"wpcf7-form-control wpcf7-text input-custom input-full\" aria-invalid=\"false\" placeholder=\"Telefon\" \/><\/span>\n                <\/div>\n<\/div>\n<\/div>\n<div class=\"input-wrapper\">\n            <span class=\"wpcf7-form-control-wrap your-email\"><input type=\"email\" name=\"your-email\" value=\"\" size=\"40\" class=\"wpcf7-form-control wpcf7-text wpcf7-email wpcf7-validates-as-required wpcf7-validates-as-email input-custom input-full\" aria-required=\"true\" aria-invalid=\"false\" placeholder=\"xxxx@xxxx.xxx\" \/><\/span>\n        <\/div>\n<\/div>\n<div>\n        <span class=\"wpcf7-form-control-wrap your-message\"><textarea name=\"your-message\" cols=\"40\" rows=\"10\" class=\"wpcf7-form-control wpcf7-textarea textarea-custom input-full\" aria-invalid=\"false\" placeholder=\"Opis zg\u0142oszenia\"><\/textarea><\/span>\n    <\/div>\n<p>    <input type=\"submit\" value=\"Zapytaj o wycen\u0119\" class=\"wpcf7-form-control has-spinner wpcf7-submit btn btn-border\" id=\"contact\" \/>\n<\/p><\/div>\n<p style=\"display: none !important;\"><label>&#916;<textarea name=\"_wpcf7_ak_hp_textarea\" cols=\"45\" rows=\"8\" maxlength=\"100\"><\/textarea><\/label><input type=\"hidden\" id=\"ak_js_1\" name=\"_wpcf7_ak_js\" value=\"187\"\/><script>document.getElementById( \"ak_js_1\" ).setAttribute( \"value\", ( new Date() ).getTime() );<\/script><\/p><div class=\"wpcf7-response-output\" aria-hidden=\"true\"><\/div><\/form><\/div>                    <\/form>\r\n                <\/div>\r\n            <\/div>\r\n        <\/div>\r\n\r\n        \r\n                                  <a href=\"http:\/\/localhost\/wp-themes\/computer-repair\/contact\/\"   class=\"btn btn btn-invert\" rel=\"\"  >   \r\n            Skontaktuj si\u0119        <\/a>\r\n            <\/div> \r\n    [\/vc_column][\/vc_row][vc_row el_class=&#8221;margin-bottom-less-35&#8243;][vc_column css=&#8221;.vc_custom_1517465468917{padding-top: 0px !important;}&#8221;][\/vc_column][\/vc_row]<\/p>\n","protected":false},"excerpt":{"rendered":"<p>[vc_row][vc_column][vc_column_text] O nas Tw\u00f3j lokalny serwis komputerowy [\/vc_column_text][\/vc_column][\/vc_row][vc_row][vc_column][vc_column_text]Helpnet24 gwarantuje najlepsz\u0105 obs\u0142ug\u0119 klienta, serwis sprz\u0119tu komputerowego oraz obs\u0142ug\u0119 informatyczn\u0105 firm. Gdy Tw\u00f3j laptop lub komputer stacjonarny wymaga naprawy, nie musisz si\u0119 d\u0142ugo martwi\u0107! Nasi technicy potrafi\u0105 radzi\u0107 sobie z ka\u017cdym sprz\u0119tem komputerowym niezale\u017cnie od tego, czy potrzebujesz naprawy w domu, czy w firmie.[\/vc_column_text][\/vc_column][\/vc_row][vc_row el_class=&#8221;home-about-list&#8221;][vc_column width=&#8221;1\/12&#8243;][\/vc_column][vc_column width=&#8221;5\/12&#8243;][vc_column_text [&hellip;]<\/p>\n","protected":false},"author":2,"featured_media":0,"parent":0,"menu_order":0,"comment_status":"closed","ping_status":"open","template":"","meta":[],"_links":{"self":[{"href":"https:\/\/www.helpnet24.pl\/nowa\/wp-json\/wp\/v2\/pages\/1160"}],"collection":[{"href":"https:\/\/www.helpnet24.pl\/nowa\/wp-json\/wp\/v2\/pages"}],"about":[{"href":"https:\/\/www.helpnet24.pl\/nowa\/wp-json\/wp\/v2\/types\/page"}],"author":[{"embeddable":true,"href":"https:\/\/www.helpnet24.pl\/nowa\/wp-json\/wp\/v2\/users\/2"}],"replies":[{"embeddable":true,"href":"https:\/\/www.helpnet24.pl\/nowa\/wp-json\/wp\/v2\/comments?post=1160"}],"version-history":[{"count":18,"href":"https:\/\/www.helpnet24.pl\/nowa\/wp-json\/wp\/v2\/pages\/1160\/revisions"}],"predecessor-version":[{"id":1377,"href":"https:\/\/www.helpnet24.pl\/nowa\/wp-json\/wp\/v2\/pages\/1160\/revisions\/1377"}],"wp:attachment":[{"href":"https:\/\/www.helpnet24.pl\/nowa\/wp-json\/wp\/v2\/media?parent=1160"}],"curies":[{"name":"wp","href":"https:\/\/api.w.org\/{rel}","templated":true}]}}