{"id":81,"date":"2017-03-16T06:12:19","date_gmt":"2017-03-16T06:12:19","guid":{"rendered":"http:\/\/smartdata.tonytemplates.com\/computer-repair\/?page_id=81"},"modified":"2018-08-16T23:25:44","modified_gmt":"2018-08-16T22:25:44","slug":"porady-faq","status":"publish","type":"page","link":"https:\/\/www.helpnet24.pl\/nowa\/porady-faq\/","title":{"rendered":"Porady i FAQ"},"content":{"rendered":"<p>[vc_row][vc_column][vc_column_text]<\/p>\n<h1 class=\"h-lg text-center\">Porady i FAQ<\/h1>\n<p class=\"info text-center\">Poni\u017cej przedstawiamy pytania, najcz\u0119\u015bciej zadawane przez naszych klient\u00f3w.<\/p>\n<p>[\/vc_column_text][\/vc_column][\/vc_row][vc_row el_class=&#8221;block bottom-sm-1&#8243;][vc_column]            <div class=\"post-tips-carousel row\" >\r\n                         <div class=\"col-sm-4\">\r\n            <div class=\"post\">\r\n                <div class=\"image\">\r\n                     <img alt=\"\" src=\"https:\/\/www.helpnet24.pl\/nowa\/wp-content\/uploads\/2017\/03\/post-img-01-1.jpg\">                 <\/div>\r\n                <div class=\"inside\">\r\n                    <h4 class=\"title\">Jak unikn\u0105\u0107 kosztownego odzyskiwania danych<\/h4>\r\n                    <p>Tworzenie kopii zapasowej jedno z podstawowych posuni\u0119\u0107 pozwalaj\u0105cych unikn\u0105\u0107 wysokich koszt\u00f3w odzyskiwania danych. Ka\u017cdego roku firmy i u\u017cytkownicy indywidualni i firmy trac\u0105 dane w wyniku uszkodzenia dysku&#8230;<\/p>\r\n                    <a  target=\"http:\/\/_blank\"  href=\"http:\/\/www.krollontrack.pl\/blog\/2017\/01\/27\/jak-zapobiegac-utracie-danych\/\" class=\"btn btn-xs\">Wi\u0119cej<\/a>\r\n                <\/div>\r\n            <\/div>\r\n        <\/div>\r\n                 <div class=\"col-sm-4\">\r\n            <div class=\"post\">\r\n                <div class=\"image\">\r\n                     <img alt=\"\" src=\"https:\/\/www.helpnet24.pl\/nowa\/wp-content\/uploads\/2017\/03\/post-img-02-1.jpg\">                 <\/div>\r\n                <div class=\"inside\">\r\n                    <h4 class=\"title\">Najlepsze oprogramowanie antywirusowe<\/h4>\r\n                    <p>Zapraszamy do zapoznania si\u0119 z raportem por\u00f3wnawczym najlepszego oprogramowania antywirusowego. <\/p>\r\n                    <a  target=\"http:\/\/_blank\"  href=\"https:\/\/www.pcworld.pl\/ranking\/Najlepszy-antywirus-2018-Oto-ranking-top-15-antywirusow-Darmowe-i-platne-programy,406168.html\" class=\"btn btn-xs\">Wi\u0119cej<\/a>\r\n                <\/div>\r\n            <\/div>\r\n        <\/div>\r\n                 <div class=\"col-sm-4\">\r\n            <div class=\"post\">\r\n                <div class=\"image\">\r\n                     <img alt=\"\" src=\"https:\/\/www.helpnet24.pl\/nowa\/wp-content\/uploads\/2017\/03\/post-img-03-1.jpg\">                 <\/div>\r\n                <div class=\"inside\">\r\n                    <h4 class=\"title\">Sposoby odzyskiwania danych z twardych dysk\u00f3w<\/h4>\r\n                    <p>Odzyskiwanie danych to proces trudny, wymagaj\u0105cy do\u015bwiadczenia oraz zaplecza technicznego. O jakich sposobach odzyskiwania danych m\u00f3wimy?<\/p>\r\n                    <a  target=\"http:\/\/_blank\"  href=\"http:\/\/www.eit-centrum.waw.pl\/metody-odzyskiwania-danyc\/\" class=\"btn btn-xs\">Wi\u0119cej<\/a>\r\n                <\/div>\r\n            <\/div>\r\n        <\/div>\r\n                    <\/div>  \r\n        [\/vc_column][\/vc_row][vc_row][vc_column][vc_column_text]<\/p>\n<h2>Najcz\u0119\u015bciej zadawane pytania &#8211; FAQ<\/h2>\n<p>[\/vc_column_text][\/vc_column][\/vc_row][vc_row el_class=&#8221;computer-faq-text&#8221;][vc_column][vc_toggle title=&#8221;Ile potrwa moja naprawa serwisowa?&#8221; color=&#8221;white&#8221; open=&#8221;true&#8221; el_id=&#8221;1489644927387-a7855b29-5ebb&#8221; el_class=&#8221;panel-heading1&#8243;]Wi\u0119kszo\u015b\u0107 napraw wykonywana jest w przeci\u0105gu 2-3 dni roboczych. Realizujemy tak\u017ce zlecenia priorytetowe w ci\u0105gu 24 godzin &#8211; pod warunkiem dost\u0119pno\u015bci cz\u0119\u015bci zamiennych.[\/vc_toggle][vc_toggle title=&#8221;Ile kosztuje naprawa serwisowa?&#8221; open=&#8221;true&#8221; el_id=&#8221;1489645020128-06a9ce0c-917a&#8221; el_class=&#8221;panel-heading1&#8243;]Przed ka\u017cd\u0105 us\u0142ug\u0105 serwisow\u0105 informujemy klienta o mo\u017cliwych kosztach. Dopiero gdy zaakceptujesz wycen\u0119 us\u0142uga zostanie wykonana. Masz pe\u0142n\u0105 kontrol\u0119 nad kosztami naszych us\u0142ug.[\/vc_toggle][vc_toggle title=&#8221;Czy mog\u0119 liczy\u0107 na napraw\u0119 p\u0119kni\u0119tego lub uszkodzonego ekranu laptopa?&#8221; open=&#8221;true&#8221; el_id=&#8221;1489645125908-e67ed6a5-9c64&#8243; el_class=&#8221;panel-heading1&#8243;]Naturalnie. Wykonujemy naprawy i wymiany ekran\u00f3w laptopa. Mo\u017cesz by\u0107 spokojny\/spokojna &#8211; nie musisz od razu kupowa\u0107 nowego sprz\u0119tu.[\/vc_toggle][vc_toggle title=&#8221;Obawiam si\u0119 o dane na moim dysku. Czy s\u0105 one bezpieczne?&#8221; open=&#8221;true&#8221; el_id=&#8221;1489645160544-cfe45b5d-864e&#8221; el_class=&#8221;panel-heading1&#8243; css=&#8221;.vc_custom_1534458341878{margin-bottom: 0px !important;}&#8221;]Mo\u017cesz liczy\u0107 na nasze wsparcie w zakresie zabezpieczenia danych na twoim dysku. Przygotujemy odpowiednie mechanizmy wykonywania kopii danych a w przypadku awarii zadbamy tak\u017ce o ich odzyskanie.[\/vc_toggle][\/vc_column][\/vc_row]<\/p>\n","protected":false},"excerpt":{"rendered":"<p>[vc_row][vc_column][vc_column_text] Porady i FAQ Poni\u017cej przedstawiamy pytania, najcz\u0119\u015bciej zadawane przez naszych klient\u00f3w. [\/vc_column_text][\/vc_column][\/vc_row][vc_row el_class=&#8221;block bottom-sm-1&#8243;][vc_column][\/vc_column][\/vc_row][vc_row][vc_column][vc_column_text] Najcz\u0119\u015bciej zadawane pytania &#8211; FAQ [\/vc_column_text][\/vc_column][\/vc_row][vc_row el_class=&#8221;computer-faq-text&#8221;][vc_column][vc_toggle title=&#8221;Ile potrwa moja naprawa serwisowa?&#8221; color=&#8221;white&#8221; open=&#8221;true&#8221; el_id=&#8221;1489644927387-a7855b29-5ebb&#8221; el_class=&#8221;panel-heading1&#8243;]Wi\u0119kszo\u015b\u0107 napraw wykonywana jest w przeci\u0105gu 2-3 dni roboczych. Realizujemy tak\u017ce zlecenia priorytetowe w ci\u0105gu 24 godzin &#8211; pod warunkiem dost\u0119pno\u015bci cz\u0119\u015bci zamiennych.[\/vc_toggle][vc_toggle title=&#8221;Ile kosztuje [&hellip;]<\/p>\n","protected":false},"author":2,"featured_media":0,"parent":0,"menu_order":0,"comment_status":"closed","ping_status":"closed","template":"","meta":[],"_links":{"self":[{"href":"https:\/\/www.helpnet24.pl\/nowa\/wp-json\/wp\/v2\/pages\/81"}],"collection":[{"href":"https:\/\/www.helpnet24.pl\/nowa\/wp-json\/wp\/v2\/pages"}],"about":[{"href":"https:\/\/www.helpnet24.pl\/nowa\/wp-json\/wp\/v2\/types\/page"}],"author":[{"embeddable":true,"href":"https:\/\/www.helpnet24.pl\/nowa\/wp-json\/wp\/v2\/users\/2"}],"replies":[{"embeddable":true,"href":"https:\/\/www.helpnet24.pl\/nowa\/wp-json\/wp\/v2\/comments?post=81"}],"version-history":[{"count":5,"href":"https:\/\/www.helpnet24.pl\/nowa\/wp-json\/wp\/v2\/pages\/81\/revisions"}],"predecessor-version":[{"id":1336,"href":"https:\/\/www.helpnet24.pl\/nowa\/wp-json\/wp\/v2\/pages\/81\/revisions\/1336"}],"wp:attachment":[{"href":"https:\/\/www.helpnet24.pl\/nowa\/wp-json\/wp\/v2\/media?parent=81"}],"curies":[{"name":"wp","href":"https:\/\/api.w.org\/{rel}","templated":true}]}}